{"id":269,"date":"2024-05-21T11:32:40","date_gmt":"2024-05-21T09:32:40","guid":{"rendered":"https:\/\/rescuesystem.sk\/?page_id=269"},"modified":"2025-01-15T09:28:49","modified_gmt":"2025-01-15T08:28:49","slug":"dopravna-zdravotna-sluzba","status":"publish","type":"page","link":"https:\/\/rescuesystem.sk\/index.php\/dopravna-zdravotna-sluzba\/","title":{"rendered":"Dopravn\u00e1 zdravotn\u00e1 slu\u017eba"},"content":{"rendered":"\t\t<div data-elementor-type=\"wp-page\" data-elementor-id=\"269\" class=\"elementor elementor-269\" data-elementor-post-type=\"page\">\n\t\t\t\t<div class=\"elementor-element elementor-element-f1b5161 e-flex e-con-boxed e-con e-parent\" data-id=\"f1b5161\" data-element_type=\"container\" data-settings=\"{&quot;background_background&quot;:&quot;classic&quot;}\">\n\t\t\t\t\t<div class=\"e-con-inner\">\n\t\t<div class=\"elementor-element elementor-element-abe5ef7 e-flex e-con-boxed e-con e-child\" data-id=\"abe5ef7\" data-element_type=\"container\" data-settings=\"{&quot;background_background&quot;:&quot;classic&quot;}\">\n\t\t\t\t\t<div class=\"e-con-inner\">\n\t\t<div class=\"elementor-element elementor-element-d3c04f1 e-con-full e-flex e-con e-child\" data-id=\"d3c04f1\" data-element_type=\"container\" data-settings=\"{&quot;background_background&quot;:&quot;classic&quot;}\">\n\t\t\t\t<div class=\"elementor-element elementor-element-360e5a9 elementor-widget elementor-widget-heading\" data-id=\"360e5a9\" data-element_type=\"widget\" data-widget_type=\"heading.default\">\n\t\t\t\t<div class=\"elementor-widget-container\">\n\t\t\t<style>\/*! elementor - v3.21.0 - 08-05-2024 *\/\n.elementor-heading-title{padding:0;margin:0;line-height:1}.elementor-widget-heading .elementor-heading-title[class*=elementor-size-]>a{color:inherit;font-size:inherit;line-height:inherit}.elementor-widget-heading .elementor-heading-title.elementor-size-small{font-size:15px}.elementor-widget-heading .elementor-heading-title.elementor-size-medium{font-size:19px}.elementor-widget-heading .elementor-heading-title.elementor-size-large{font-size:29px}.elementor-widget-heading .elementor-heading-title.elementor-size-xl{font-size:39px}.elementor-widget-heading .elementor-heading-title.elementor-size-xxl{font-size:59px}<\/style><h2 class=\"elementor-heading-title elementor-size-default\">Dopravn\u00e1 zdravotn\u00e1 slu\u017eba<\/h2>\t\t<\/div>\n\t\t\t\t<\/div>\n\t\t\t\t<div class=\"elementor-element elementor-element-978128e elementor-widget elementor-widget-text-editor\" data-id=\"978128e\" data-element_type=\"widget\" data-widget_type=\"text-editor.default\">\n\t\t\t\t<div class=\"elementor-widget-container\">\n\t\t\t<style>\/*! elementor - v3.21.0 - 08-05-2024 *\/\n.elementor-widget-text-editor.elementor-drop-cap-view-stacked .elementor-drop-cap{background-color:#69727d;color:#fff}.elementor-widget-text-editor.elementor-drop-cap-view-framed .elementor-drop-cap{color:#69727d;border:3px solid;background-color:transparent}.elementor-widget-text-editor:not(.elementor-drop-cap-view-default) .elementor-drop-cap{margin-top:8px}.elementor-widget-text-editor:not(.elementor-drop-cap-view-default) .elementor-drop-cap-letter{width:1em;height:1em}.elementor-widget-text-editor .elementor-drop-cap{float:left;text-align:center;line-height:1;font-size:50px}.elementor-widget-text-editor .elementor-drop-cap-letter{display:inline-block}<\/style>\t\t\t\t<p>Dopravn\u00e9 zdravotn\u00e9 slu\u017eby zabezpe\u010dujeme profesion\u00e1lne, komfortne a bezpe\u010dne. Sanitky s\u00fa vybaven\u00e9 potrebn\u00fdmi zdravotn\u00edckymi pom\u00f4ckami, materi\u00e1lmi a kvalifikovan\u00fdm person\u00e1lom.<\/p><p>Poskytujeme r\u00fdchle, dostupn\u00e9 a flexibiln\u00e9 slu\u017eby pod\u013ea individu\u00e1lnych potrieb a preferenci\u00ed.<\/p>\t\t\t\t\t\t<\/div>\n\t\t\t\t<\/div>\n\t\t\t\t<div class=\"elementor-element elementor-element-9899687 elementor-widget elementor-widget-button\" data-id=\"9899687\" data-element_type=\"widget\" data-widget_type=\"button.default\">\n\t\t\t\t<div class=\"elementor-widget-container\">\n\t\t\t\t\t<div class=\"elementor-button-wrapper\">\n\t\t\t<a class=\"elementor-button elementor-button-link elementor-size-sm\" href=\"https:\/\/rescuesystem.sk\/index.php\/objednanie-prepravy\/#postupobjednania\">\n\t\t\t\t\t\t<span class=\"elementor-button-content-wrapper\">\n\t\t\t\t\t\t\t\t\t<span class=\"elementor-button-text\">Objedna\u0165 si prevoz<\/span>\n\t\t\t\t\t<\/span>\n\t\t\t\t\t<\/a>\n\t\t<\/div>\n\t\t\t\t<\/div>\n\t\t\t\t<\/div>\n\t\t\t\t<\/div>\n\t\t\t\t\t<\/div>\n\t\t\t\t<\/div>\n\t\t\t\t\t<\/div>\n\t\t\t\t<\/div>\n\t\t<div class=\"elementor-element elementor-element-4d15518 e-flex e-con-boxed e-con e-parent\" data-id=\"4d15518\" data-element_type=\"container\">\n\t\t\t\t\t<div class=\"e-con-inner\">\n\t\t<div class=\"elementor-element elementor-element-2293c2a e-con-full e-flex e-con e-child\" data-id=\"2293c2a\" data-element_type=\"container\">\n\t\t\t\t<div class=\"elementor-element elementor-element-ca4ea1a elementor-widget elementor-widget-heading\" data-id=\"ca4ea1a\" data-element_type=\"widget\" data-widget_type=\"heading.default\">\n\t\t\t\t<div class=\"elementor-widget-container\">\n\t\t\t<h2 class=\"elementor-heading-title elementor-size-default\">Dopravn\u00e1 zdravotn\u00e1 slu\u017eba<\/h2>\t\t<\/div>\n\t\t\t\t<\/div>\n\t\t\t\t<div class=\"elementor-element elementor-element-30b8e6b elementor-widget elementor-widget-text-editor\" data-id=\"30b8e6b\" data-element_type=\"widget\" data-widget_type=\"text-editor.default\">\n\t\t\t\t<div class=\"elementor-widget-container\">\n\t\t\t\t\t\t\t<p>Na z\u00e1klade \u017eiadanky na prepravu ambulanciou zdravotnej dopravnej slu\u017eby poskytujeme profesion\u00e1lne prevozy, ktor\u00e9 s\u00fa hraden\u00e9 pois\u0165ov\u0148ou. Na\u0161e slu\u017eby s\u00fa k dispoz\u00edcii aj pre samoplatcov v r\u00e1mci Slovenska i zahrani\u010dia, vr\u00e1tane dia\u013ekov\u00fdch zdravotn\u00edckych i nezdravotn\u00edckych transportov.<\/p>\t\t\t\t\t\t<\/div>\n\t\t\t\t<\/div>\n\t\t\t\t<\/div>\n\t\t<div class=\"elementor-element elementor-element-f65c2ed e-con-full e-flex e-con e-child\" data-id=\"f65c2ed\" data-element_type=\"container\">\n\t\t\t\t<div class=\"elementor-element elementor-element-6a49926 elementor-widget elementor-widget-image\" data-id=\"6a49926\" data-element_type=\"widget\" data-widget_type=\"image.default\">\n\t\t\t\t<div class=\"elementor-widget-container\">\n\t\t\t<style>\/*! elementor - v3.21.0 - 08-05-2024 *\/\n.elementor-widget-image{text-align:center}.elementor-widget-image a{display:inline-block}.elementor-widget-image a img[src$=\".svg\"]{width:48px}.elementor-widget-image img{vertical-align:middle;display:inline-block}<\/style>\t\t\t\t\t\t\t\t\t\t<img fetchpriority=\"high\" decoding=\"async\" width=\"800\" height=\"534\" src=\"https:\/\/rescuesystem.sk\/wp-content\/uploads\/2024\/12\/DSCF8846-Edit-1024x683.jpg\" class=\"attachment-large size-large wp-image-1613\" alt=\"\" srcset=\"https:\/\/rescuesystem.sk\/wp-content\/uploads\/2024\/12\/DSCF8846-Edit-1024x683.jpg 1024w, https:\/\/rescuesystem.sk\/wp-content\/uploads\/2024\/12\/DSCF8846-Edit-300x200.jpg 300w, https:\/\/rescuesystem.sk\/wp-content\/uploads\/2024\/12\/DSCF8846-Edit-768x512.jpg 768w, https:\/\/rescuesystem.sk\/wp-content\/uploads\/2024\/12\/DSCF8846-Edit-1536x1024.jpg 1536w, https:\/\/rescuesystem.sk\/wp-content\/uploads\/2024\/12\/DSCF8846-Edit-2048x1365.jpg 2048w\" sizes=\"(max-width: 800px) 100vw, 800px\" \/>\t\t\t\t\t\t\t\t\t\t\t\t\t<\/div>\n\t\t\t\t<\/div>\n\t\t\t\t<\/div>\n\t\t\t\t\t<\/div>\n\t\t\t\t<\/div>\n\t\t<div class=\"elementor-element elementor-element-5e052cf e-flex e-con-boxed e-con e-parent\" data-id=\"5e052cf\" data-element_type=\"container\">\n\t\t\t\t\t<div class=\"e-con-inner\">\n\t\t<div class=\"elementor-element elementor-element-9355504 e-con-full e-flex e-con e-child\" data-id=\"9355504\" data-element_type=\"container\" data-settings=\"{&quot;background_background&quot;:&quot;classic&quot;}\">\n\t\t\t\t<div class=\"elementor-element elementor-element-46dddb1 elementor-widget elementor-widget-heading\" data-id=\"46dddb1\" data-element_type=\"widget\" data-widget_type=\"heading.default\">\n\t\t\t\t<div class=\"elementor-widget-container\">\n\t\t\t<h2 class=\"elementor-heading-title elementor-size-default\">Prevoz hraden\u00fd ako samoplatca<\/h2>\t\t<\/div>\n\t\t\t\t<\/div>\n\t\t\t\t<div class=\"elementor-element elementor-element-d672340 elementor-widget elementor-widget-text-editor\" data-id=\"d672340\" data-element_type=\"widget\" data-widget_type=\"text-editor.default\">\n\t\t\t\t<div class=\"elementor-widget-container\">\n\t\t\t\t\t\t\t<p>Potrebujete zdravotn\u00fa prepravu bez n\u00e1roku z pois\u0165ovne? Pon\u00fakame profesion\u00e1lne slu\u017eby aj pre samoplatcov.\u00a0<\/p>\t\t\t\t\t\t<\/div>\n\t\t\t\t<\/div>\n\t\t\t\t<div class=\"elementor-element elementor-element-6de569f elementor-widget elementor-widget-button\" data-id=\"6de569f\" data-element_type=\"widget\" data-widget_type=\"button.default\">\n\t\t\t\t<div class=\"elementor-widget-container\">\n\t\t\t\t\t<div class=\"elementor-button-wrapper\">\n\t\t\t<a class=\"elementor-button elementor-button-link elementor-size-sm\" href=\"https:\/\/rescuesystem.sk\/index.php\/objednanie-prepravy\/#samoplatca\">\n\t\t\t\t\t\t<span class=\"elementor-button-content-wrapper\">\n\t\t\t\t\t\t\t\t\t<span class=\"elementor-button-text\">Viac inform\u00e1ci\u00ed<\/span>\n\t\t\t\t\t<\/span>\n\t\t\t\t\t<\/a>\n\t\t<\/div>\n\t\t\t\t<\/div>\n\t\t\t\t<\/div>\n\t\t\t\t<\/div>\n\t\t<div class=\"elementor-element elementor-element-015dfd7 e-con-full e-flex e-con e-child\" data-id=\"015dfd7\" data-element_type=\"container\" data-settings=\"{&quot;background_background&quot;:&quot;classic&quot;}\">\n\t\t\t\t<div class=\"elementor-element elementor-element-5ab0da6 elementor-widget elementor-widget-heading\" data-id=\"5ab0da6\" data-element_type=\"widget\" data-widget_type=\"heading.default\">\n\t\t\t\t<div class=\"elementor-widget-container\">\n\t\t\t<h2 class=\"elementor-heading-title elementor-size-default\">Prevoz hraden\u00fd pois\u0165ov\u0148ou<\/h2>\t\t<\/div>\n\t\t\t\t<\/div>\n\t\t\t\t<div class=\"elementor-element elementor-element-47ff2a3 elementor-widget elementor-widget-text-editor\" data-id=\"47ff2a3\" data-element_type=\"widget\" data-widget_type=\"text-editor.default\">\n\t\t\t\t<div class=\"elementor-widget-container\">\n\t\t\t\t\t\t\t<p>Sanitka, ktor\u00e1 v\u00e1s odvezie tam, kam potrebujete. R\u00fdchlo, pohodlne a s podporou v\u00e1\u0161ho zdravotn\u00e9ho poistenia.<\/p>\t\t\t\t\t\t<\/div>\n\t\t\t\t<\/div>\n\t\t\t\t<div class=\"elementor-element elementor-element-b619bb5 elementor-widget elementor-widget-button\" data-id=\"b619bb5\" data-element_type=\"widget\" data-widget_type=\"button.default\">\n\t\t\t\t<div class=\"elementor-widget-container\">\n\t\t\t\t\t<div class=\"elementor-button-wrapper\">\n\t\t\t<a class=\"elementor-button elementor-button-link elementor-size-sm\" href=\"https:\/\/rescuesystem.sk\/index.php\/objednanie-prepravy\/#poistovna\">\n\t\t\t\t\t\t<span class=\"elementor-button-content-wrapper\">\n\t\t\t\t\t\t\t\t\t<span class=\"elementor-button-text\">Viac inform\u00e1ci\u00ed<\/span>\n\t\t\t\t\t<\/span>\n\t\t\t\t\t<\/a>\n\t\t<\/div>\n\t\t\t\t<\/div>\n\t\t\t\t<\/div>\n\t\t\t\t<\/div>\n\t\t\t\t\t<\/div>\n\t\t\t\t<\/div>\n\t\t<div class=\"elementor-element elementor-element-8d2baf0 e-flex e-con-boxed e-con e-parent\" data-id=\"8d2baf0\" data-element_type=\"container\">\n\t\t\t\t\t<div class=\"e-con-inner\">\n\t\t<div class=\"elementor-element elementor-element-78c6779 e-con-full e-flex e-con e-child\" data-id=\"78c6779\" data-element_type=\"container\">\n\t\t\t\t<div class=\"elementor-element elementor-element-6e333d3 elementor-widget elementor-widget-image\" data-id=\"6e333d3\" data-element_type=\"widget\" data-widget_type=\"image.default\">\n\t\t\t\t<div class=\"elementor-widget-container\">\n\t\t\t\t\t\t\t\t\t\t\t\t\t<img decoding=\"async\" width=\"800\" height=\"534\" src=\"https:\/\/rescuesystem.sk\/wp-content\/uploads\/2024\/06\/DSCF8737-Edit-1024x683.jpg\" class=\"attachment-large size-large wp-image-580\" alt=\"\" srcset=\"https:\/\/rescuesystem.sk\/wp-content\/uploads\/2024\/06\/DSCF8737-Edit-1024x683.jpg 1024w, https:\/\/rescuesystem.sk\/wp-content\/uploads\/2024\/06\/DSCF8737-Edit-300x200.jpg 300w, https:\/\/rescuesystem.sk\/wp-content\/uploads\/2024\/06\/DSCF8737-Edit-768x512.jpg 768w, https:\/\/rescuesystem.sk\/wp-content\/uploads\/2024\/06\/DSCF8737-Edit-1536x1024.jpg 1536w, https:\/\/rescuesystem.sk\/wp-content\/uploads\/2024\/06\/DSCF8737-Edit-2048x1365.jpg 2048w\" sizes=\"(max-width: 800px) 100vw, 800px\" \/>\t\t\t\t\t\t\t\t\t\t\t\t\t<\/div>\n\t\t\t\t<\/div>\n\t\t\t\t<\/div>\n\t\t<div class=\"elementor-element elementor-element-e81641f e-con-full e-flex e-con e-child\" data-id=\"e81641f\" data-element_type=\"container\">\n\t\t\t\t<div class=\"elementor-element elementor-element-8a7b501 elementor-widget elementor-widget-image\" data-id=\"8a7b501\" data-element_type=\"widget\" data-widget_type=\"image.default\">\n\t\t\t\t<div class=\"elementor-widget-container\">\n\t\t\t\t\t\t\t\t\t\t\t\t\t<img decoding=\"async\" width=\"800\" height=\"534\" src=\"https:\/\/rescuesystem.sk\/wp-content\/uploads\/2024\/06\/DSCF8764-Edit-1024x683.jpg\" class=\"attachment-large size-large wp-image-581\" alt=\"\" srcset=\"https:\/\/rescuesystem.sk\/wp-content\/uploads\/2024\/06\/DSCF8764-Edit-1024x683.jpg 1024w, https:\/\/rescuesystem.sk\/wp-content\/uploads\/2024\/06\/DSCF8764-Edit-300x200.jpg 300w, https:\/\/rescuesystem.sk\/wp-content\/uploads\/2024\/06\/DSCF8764-Edit-768x512.jpg 768w, https:\/\/rescuesystem.sk\/wp-content\/uploads\/2024\/06\/DSCF8764-Edit-1536x1024.jpg 1536w, https:\/\/rescuesystem.sk\/wp-content\/uploads\/2024\/06\/DSCF8764-Edit-2048x1365.jpg 2048w\" sizes=\"(max-width: 800px) 100vw, 800px\" \/>\t\t\t\t\t\t\t\t\t\t\t\t\t<\/div>\n\t\t\t\t<\/div>\n\t\t\t\t<\/div>\n\t\t<div class=\"elementor-element elementor-element-d1a0596 e-con-full e-flex e-con e-child\" data-id=\"d1a0596\" data-element_type=\"container\">\n\t\t\t\t<div class=\"elementor-element elementor-element-7318105 elementor-widget elementor-widget-image\" data-id=\"7318105\" data-element_type=\"widget\" data-widget_type=\"image.default\">\n\t\t\t\t<div class=\"elementor-widget-container\">\n\t\t\t\t\t\t\t\t\t\t\t\t\t<img loading=\"lazy\" decoding=\"async\" width=\"800\" height=\"534\" src=\"https:\/\/rescuesystem.sk\/wp-content\/uploads\/2024\/06\/DSCF8702-Edit-1024x683.jpg\" class=\"attachment-large size-large wp-image-579\" alt=\"\" srcset=\"https:\/\/rescuesystem.sk\/wp-content\/uploads\/2024\/06\/DSCF8702-Edit-1024x683.jpg 1024w, https:\/\/rescuesystem.sk\/wp-content\/uploads\/2024\/06\/DSCF8702-Edit-300x200.jpg 300w, https:\/\/rescuesystem.sk\/wp-content\/uploads\/2024\/06\/DSCF8702-Edit-768x512.jpg 768w, https:\/\/rescuesystem.sk\/wp-content\/uploads\/2024\/06\/DSCF8702-Edit-1536x1024.jpg 1536w, https:\/\/rescuesystem.sk\/wp-content\/uploads\/2024\/06\/DSCF8702-Edit-2048x1365.jpg 2048w\" sizes=\"(max-width: 800px) 100vw, 800px\" \/>\t\t\t\t\t\t\t\t\t\t\t\t\t<\/div>\n\t\t\t\t<\/div>\n\t\t\t\t<\/div>\n\t\t\t\t\t<\/div>\n\t\t\t\t<\/div>\n\t\t<div class=\"elementor-element elementor-element-bbbe8bd e-flex e-con-boxed e-con e-parent\" data-id=\"bbbe8bd\" data-element_type=\"container\">\n\t\t\t\t\t<div class=\"e-con-inner\">\n\t\t<div class=\"elementor-element elementor-element-fe6bf77 e-con-full e-flex e-con e-child\" data-id=\"fe6bf77\" data-element_type=\"container\" data-settings=\"{&quot;background_background&quot;:&quot;classic&quot;}\">\n\t\t\t\t<div class=\"elementor-element elementor-element-836b578 elementor-widget elementor-widget-heading\" data-id=\"836b578\" data-element_type=\"widget\" data-widget_type=\"heading.default\">\n\t\t\t\t<div class=\"elementor-widget-container\">\n\t\t\t<h2 class=\"elementor-heading-title elementor-size-default\">Dopravn\u00e1 zdravotn\u00e1 slu\u017eba<\/h2>\t\t<\/div>\n\t\t\t\t<\/div>\n\t\t\t\t<div class=\"elementor-element elementor-element-b5e26d9 elementor-widget elementor-widget-text-editor\" data-id=\"b5e26d9\" data-element_type=\"widget\" data-widget_type=\"text-editor.default\">\n\t\t\t\t<div class=\"elementor-widget-container\">\n\t\t\t\t\t\t\t<p>Poskytujeme profesion\u00e1lne prevozy ambulanciou, hraden\u00e9 pois\u0165ov\u0148ou alebo dostupn\u00e9 pre samoplatcov \u2013<br \/>v r\u00e1mci Slovenska i zahrani\u010dia.<\/p>\t\t\t\t\t\t<\/div>\n\t\t\t\t<\/div>\n\t\t\t\t<div class=\"elementor-element elementor-element-e4be0ba elementor-widget elementor-widget-button\" data-id=\"e4be0ba\" data-element_type=\"widget\" data-widget_type=\"button.default\">\n\t\t\t\t<div class=\"elementor-widget-container\">\n\t\t\t\t\t<div class=\"elementor-button-wrapper\">\n\t\t\t<a class=\"elementor-button elementor-button-link elementor-size-sm\" href=\"https:\/\/rescuesystem.sk\/index.php\/objednanie-prepravy\/\">\n\t\t\t\t\t\t<span class=\"elementor-button-content-wrapper\">\n\t\t\t\t\t\t\t\t\t<span class=\"elementor-button-text\">Zisti\u0165 viac<\/span>\n\t\t\t\t\t<\/span>\n\t\t\t\t\t<\/a>\n\t\t<\/div>\n\t\t\t\t<\/div>\n\t\t\t\t<\/div>\n\t\t\t\t<\/div>\n\t\t<div class=\"elementor-element elementor-element-63b67e6 e-con-full e-flex e-con e-child\" data-id=\"63b67e6\" data-element_type=\"container\" data-settings=\"{&quot;background_background&quot;:&quot;classic&quot;}\">\n\t\t\t\t<div class=\"elementor-element elementor-element-ed47f4d elementor-widget elementor-widget-heading\" data-id=\"ed47f4d\" data-element_type=\"widget\" data-widget_type=\"heading.default\">\n\t\t\t\t<div class=\"elementor-widget-container\">\n\t\t\t<h2 class=\"elementor-heading-title elementor-size-default\"> Z\u00e1chrann\u00e1 zdravotn\u00e1 slu\u017eba<\/h2>\t\t<\/div>\n\t\t\t\t<\/div>\n\t\t\t\t<div class=\"elementor-element elementor-element-42087d9 elementor-widget elementor-widget-text-editor\" data-id=\"42087d9\" data-element_type=\"widget\" data-widget_type=\"text-editor.default\">\n\t\t\t\t<div class=\"elementor-widget-container\">\n\t\t\t\t\t\t\t<p>Poskytujeme urgentn\u00fa pomoc pri ak\u00fatnych zdravotn\u00fdch probl\u00e9moch.<\/p>\t\t\t\t\t\t<\/div>\n\t\t\t\t<\/div>\n\t\t\t\t<div class=\"elementor-element elementor-element-3a8e9d2 elementor-widget elementor-widget-button\" data-id=\"3a8e9d2\" data-element_type=\"widget\" data-widget_type=\"button.default\">\n\t\t\t\t<div class=\"elementor-widget-container\">\n\t\t\t\t\t<div class=\"elementor-button-wrapper\">\n\t\t\t<a class=\"elementor-button elementor-button-link elementor-size-sm\" href=\"https:\/\/rescuesystem.sk\/index.php\/zachranna-zdravotna-sluzba\/\">\n\t\t\t\t\t\t<span class=\"elementor-button-content-wrapper\">\n\t\t\t\t\t\t\t\t\t<span class=\"elementor-button-text\">Zisti\u0165 viac<\/span>\n\t\t\t\t\t<\/span>\n\t\t\t\t\t<\/a>\n\t\t<\/div>\n\t\t\t\t<\/div>\n\t\t\t\t<\/div>\n\t\t\t\t<\/div>\n\t\t<div class=\"elementor-element elementor-element-ff21430 e-con-full e-flex e-con e-child\" data-id=\"ff21430\" data-element_type=\"container\" data-settings=\"{&quot;background_background&quot;:&quot;classic&quot;}\">\n\t\t\t\t<div class=\"elementor-element elementor-element-18ff7bb elementor-widget elementor-widget-heading\" data-id=\"18ff7bb\" data-element_type=\"widget\" data-widget_type=\"heading.default\">\n\t\t\t\t<div class=\"elementor-widget-container\">\n\t\t\t<h2 class=\"elementor-heading-title elementor-size-default\">Kurzy<\/h2>\t\t<\/div>\n\t\t\t\t<\/div>\n\t\t\t\t<div class=\"elementor-element elementor-element-2fd2ab9 elementor-widget elementor-widget-text-editor\" data-id=\"2fd2ab9\" data-element_type=\"widget\" data-widget_type=\"text-editor.default\">\n\t\t\t\t<div class=\"elementor-widget-container\">\n\t\t\t\t\t\t\t<p>Pon\u00fakame profesion\u00e1lne kurzy pln\u00e9 aktu\u00e1lnych poznatkov a pr\u00edle\u017eitost\u00ed na z\u00edskanie cenn\u00fdch praktick\u00fdch zru\u010dnost\u00ed.<\/p>\t\t\t\t\t\t<\/div>\n\t\t\t\t<\/div>\n\t\t\t\t<div class=\"elementor-element elementor-element-7d94949 elementor-widget elementor-widget-button\" data-id=\"7d94949\" data-element_type=\"widget\" data-widget_type=\"button.default\">\n\t\t\t\t<div class=\"elementor-widget-container\">\n\t\t\t\t\t<div class=\"elementor-button-wrapper\">\n\t\t\t<a class=\"elementor-button elementor-button-link elementor-size-sm\" href=\"https:\/\/rescuesystem.sk\/index.php\/kurzy\/\">\n\t\t\t\t\t\t<span class=\"elementor-button-content-wrapper\">\n\t\t\t\t\t\t\t\t\t<span class=\"elementor-button-text\">Zisti\u0165 viac<\/span>\n\t\t\t\t\t<\/span>\n\t\t\t\t\t<\/a>\n\t\t<\/div>\n\t\t\t\t<\/div>\n\t\t\t\t<\/div>\n\t\t\t\t<\/div>\n\t\t<div class=\"elementor-element elementor-element-d020350 e-con-full e-flex e-con e-child\" data-id=\"d020350\" data-element_type=\"container\" data-settings=\"{&quot;background_background&quot;:&quot;classic&quot;}\">\n\t\t\t\t<div class=\"elementor-element elementor-element-b43e923 elementor-widget elementor-widget-heading\" data-id=\"b43e923\" data-element_type=\"widget\" data-widget_type=\"heading.default\">\n\t\t\t\t<div class=\"elementor-widget-container\">\n\t\t\t<h2 class=\"elementor-heading-title elementor-size-default\">Zabezpe\u010dovanie podujat\u00ed<\/h2>\t\t<\/div>\n\t\t\t\t<\/div>\n\t\t\t\t<div class=\"elementor-element elementor-element-46dd044 elementor-widget elementor-widget-text-editor\" data-id=\"46dd044\" data-element_type=\"widget\" data-widget_type=\"text-editor.default\">\n\t\t\t\t<div class=\"elementor-widget-container\">\n\t\t\t\t\t\t\t<p>Pl\u00e1nujete spolo\u010densk\u00e9 podujatie? Postar\u00e1me sa o profesion\u00e1lnu zdravotn\u00edcku asistenciu, aby ste mali v\u0161etko pod kontrolou.<\/p>\t\t\t\t\t\t<\/div>\n\t\t\t\t<\/div>\n\t\t\t\t<div class=\"elementor-element elementor-element-e9d7fe3 elementor-widget elementor-widget-button\" data-id=\"e9d7fe3\" data-element_type=\"widget\" data-widget_type=\"button.default\">\n\t\t\t\t<div class=\"elementor-widget-container\">\n\t\t\t\t\t<div class=\"elementor-button-wrapper\">\n\t\t\t<a class=\"elementor-button elementor-button-link elementor-size-sm\" href=\"https:\/\/rescuesystem.sk\/index.php\/zabezpecovanie-podujati\/\">\n\t\t\t\t\t\t<span class=\"elementor-button-content-wrapper\">\n\t\t\t\t\t\t\t\t\t<span class=\"elementor-button-text\">Zisti\u0165 viac<\/span>\n\t\t\t\t\t<\/span>\n\t\t\t\t\t<\/a>\n\t\t<\/div>\n\t\t\t\t<\/div>\n\t\t\t\t<\/div>\n\t\t\t\t<\/div>\n\t\t\t\t\t<\/div>\n\t\t\t\t<\/div>\n\t\t\t\t<\/div>\n\t\t","protected":false},"excerpt":{"rendered":"<p>Dopravn\u00e1 zdravotn\u00e1 slu\u017eba Dopravn\u00e9 zdravotn\u00e9 slu\u017eby zabezpe\u010dujeme profesion\u00e1lne, komfortne a bezpe\u010dne. Sanitky s\u00fa vybaven\u00e9 potrebn\u00fdmi zdravotn\u00edckymi pom\u00f4ckami, materi\u00e1lmi a kvalifikovan\u00fdm person\u00e1lom. Poskytujeme r\u00fdchle, dostupn\u00e9 a flexibiln\u00e9 slu\u017eby pod\u013ea individu\u00e1lnych potrieb a preferenci\u00ed. Objedna\u0165 si prevoz Dopravn\u00e1 zdravotn\u00e1 slu\u017eba Na z\u00e1klade \u017eiadanky na prepravu ambulanciou zdravotnej dopravnej slu\u017eby poskytujeme profesion\u00e1lne prevozy, ktor\u00e9 s\u00fa hraden\u00e9 pois\u0165ov\u0148ou. Na\u0161e [&hellip;]<\/p>\n","protected":false},"author":1,"featured_media":0,"parent":0,"menu_order":0,"comment_status":"closed","ping_status":"closed","template":"","meta":{"footnotes":""},"class_list":["post-269","page","type-page","status-publish","hentry"],"_links":{"self":[{"href":"https:\/\/rescuesystem.sk\/index.php\/wp-json\/wp\/v2\/pages\/269","targetHints":{"allow":["GET"]}}],"collection":[{"href":"https:\/\/rescuesystem.sk\/index.php\/wp-json\/wp\/v2\/pages"}],"about":[{"href":"https:\/\/rescuesystem.sk\/index.php\/wp-json\/wp\/v2\/types\/page"}],"author":[{"embeddable":true,"href":"https:\/\/rescuesystem.sk\/index.php\/wp-json\/wp\/v2\/users\/1"}],"replies":[{"embeddable":true,"href":"https:\/\/rescuesystem.sk\/index.php\/wp-json\/wp\/v2\/comments?post=269"}],"version-history":[{"count":151,"href":"https:\/\/rescuesystem.sk\/index.php\/wp-json\/wp\/v2\/pages\/269\/revisions"}],"predecessor-version":[{"id":2067,"href":"https:\/\/rescuesystem.sk\/index.php\/wp-json\/wp\/v2\/pages\/269\/revisions\/2067"}],"wp:attachment":[{"href":"https:\/\/rescuesystem.sk\/index.php\/wp-json\/wp\/v2\/media?parent=269"}],"curies":[{"name":"wp","href":"https:\/\/api.w.org\/{rel}","templated":true}]}}